{"id":176,"date":"2020-04-22T13:13:42","date_gmt":"2020-04-22T13:13:42","guid":{"rendered":"http:\/\/www.antony-ayurveda.de\/ayurveda\/?page_id=176"},"modified":"2020-04-26T10:08:17","modified_gmt":"2020-04-26T10:08:17","slug":"kinder","status":"publish","type":"page","link":"https:\/\/www.antony-ayurveda.de\/ayurveda\/kinder","title":{"rendered":"Kinder"},"content":{"rendered":"\n<div class=\"wp-block-image\"><figure class=\"aligncenter size-large\"><img loading=\"lazy\" decoding=\"async\" width=\"1024\" height=\"576\" src=\"http:\/\/www.antony-ayurveda.de\/wp-content\/uploads\/2020\/04\/Kinder-und-Babys-1-1024x576.jpg\" alt=\"\" class=\"wp-image-178\" srcset=\"https:\/\/www.antony-ayurveda.de\/wp-content\/uploads\/2020\/04\/Kinder-und-Babys-1-1024x576.jpg 1024w, https:\/\/www.antony-ayurveda.de\/wp-content\/uploads\/2020\/04\/Kinder-und-Babys-1-300x169.jpg 300w, https:\/\/www.antony-ayurveda.de\/wp-content\/uploads\/2020\/04\/Kinder-und-Babys-1-768x432.jpg 768w, https:\/\/www.antony-ayurveda.de\/wp-content\/uploads\/2020\/04\/Kinder-und-Babys-1-1536x864.jpg 1536w, https:\/\/www.antony-ayurveda.de\/wp-content\/uploads\/2020\/04\/Kinder-und-Babys-1.jpg 1600w\" sizes=\"(max-width: 1024px) 100vw, 1024px\" \/><\/figure><\/div>\n\n\n\n<p><strong>Gesunde Kinder<\/strong><\/p>\n\n\n\n<p>Ayurvedische Lebensprinzipien dienen vor allem der Pr\u00e4vention von Krankheiten. Wann w\u00e4re es besser als bereits im Kindesalter darauf zu achten, dass ein Kind gesund aufw\u00e4chst, um eine starke Grundlage f\u00fcr die Zukunft zu legen.<\/p>\n\n\n\n<p>Wie bei Erwachsenen auch, kommt es darauf an, dass sich die drei Doshas (VATHA, PITHA, KAPHA) im Gleichgewicht befinden.<\/p>\n\n\n\n<p><strong>Ein Gespr\u00e4ch mit mir k\u00f6nnte sich f\u00fcr Sie lohnen, wenn<\/strong>:<\/p>\n\n\n\n<ul class=\"wp-block-list\"><li>Ihr Baby \/ Kind unruhig ist,<\/li><li>oft schreit,<\/li><li>regelm\u00e4\u00dfig Bauchschmerzen oder Verdauungsprobleme hat,<\/li><li>unter Hautproblemen leidet (w\u00e4hrend des Stillens oder sp\u00e4ter),<\/li><li>oft von Atemwegsinfekten oder Husten geplagt wird,<\/li><li>oder vielleicht auch die Freude an der Bewegung noch entdecken muss (ggf. Angst hat sich zu bewegen).<\/li><\/ul>\n\n\n\n<p><strong>Wie arbeite ich?<\/strong><\/p>\n\n\n\n<p>Wir f\u00fchren ein ausf\u00fchrliches Gespr\u00e4ch in Hinblick auf:<\/p>\n\n\n\n<ul class=\"wp-block-list\"><li>die Konstitution Ihres Kindes,<\/li><li>das Temperament Ihres Kindes,<\/li><li>die Gewohnheiten und den Tagesrhythmus,<\/li><li>die vorhandenen Krankheiten,<\/li><li>die Vorlieben Ihres Kindes,<\/li><li>Ihre Bed\u00fcrfnisse als Eltern.<\/li><\/ul>\n\n\n\n<p>Eine ausgeglichene Ern\u00e4hrung, angemessene Aktivit\u00e4ten sowie ggf. die Unterst\u00fctzung mit pflanzlichen Wirkstoffen stehen im Fokus der Beratung.<\/p>\n\n\n\n<p>Standard m\u00e4\u00dfig geh\u00f6rt die Pulsdiagnostik zum Gespr\u00e4ch dazu.<\/p>\n\n\n\n<p>48 \u20ac \/ Stunde<\/p>\n\n\n\n<p><strong>Sollte f\u00fcr Sie der Weg in meine Praxis zu umst\u00e4ndlich sein, biete ich Ihnen meine Beratung auch gerne online an. Das Erstgespr\u00e4ch sollte &#8211; wenn irgendwie m\u00f6glich &#8211; in pers\u00f6nlicher Begegnung stattfinden.<\/strong><\/p>\n\n\n\n<p class=\"has-normal-font-size\"><\/p>\n","protected":false},"excerpt":{"rendered":"<p>Gesunde Kinder Ayurvedische Lebensprinzipien dienen vor allem der Pr\u00e4vention von Krankheiten. Wann w\u00e4re es besser als bereits im Kindesalter darauf zu achten, dass ein Kind gesund aufw\u00e4chst, um eine starke Grundlage f\u00fcr die Zukunft zu legen. Wie bei Erwachsenen auch, kommt es darauf an, dass sich die drei Doshas (VATHA, PITHA, KAPHA) im Gleichgewicht befinden. [&hellip;]<\/p>\n","protected":false},"author":1,"featured_media":0,"parent":0,"menu_order":0,"comment_status":"closed","ping_status":"closed","template":"","meta":{"footnotes":""},"class_list":["post-176","page","type-page","status-publish","hentry","post"],"_links":{"self":[{"href":"https:\/\/www.antony-ayurveda.de\/ayurveda\/wp-json\/wp\/v2\/pages\/176"}],"collection":[{"href":"https:\/\/www.antony-ayurveda.de\/ayurveda\/wp-json\/wp\/v2\/pages"}],"about":[{"href":"https:\/\/www.antony-ayurveda.de\/ayurveda\/wp-json\/wp\/v2\/types\/page"}],"author":[{"embeddable":true,"href":"https:\/\/www.antony-ayurveda.de\/ayurveda\/wp-json\/wp\/v2\/users\/1"}],"replies":[{"embeddable":true,"href":"https:\/\/www.antony-ayurveda.de\/ayurveda\/wp-json\/wp\/v2\/comments?post=176"}],"version-history":[{"count":6,"href":"https:\/\/www.antony-ayurveda.de\/ayurveda\/wp-json\/wp\/v2\/pages\/176\/revisions"}],"predecessor-version":[{"id":234,"href":"https:\/\/www.antony-ayurveda.de\/ayurveda\/wp-json\/wp\/v2\/pages\/176\/revisions\/234"}],"wp:attachment":[{"href":"https:\/\/www.antony-ayurveda.de\/ayurveda\/wp-json\/wp\/v2\/media?parent=176"}],"curies":[{"name":"wp","href":"https:\/\/api.w.org\/{rel}","templated":true}]}}