{"id":2,"date":"2020-04-15T16:42:43","date_gmt":"2020-04-15T16:42:43","guid":{"rendered":"http:\/\/antony-ayurveda.de\/?page_id=2"},"modified":"2026-03-03T17:27:12","modified_gmt":"2026-03-03T17:27:12","slug":"babymassage-kinder","status":"publish","type":"page","link":"https:\/\/www.antony-ayurveda.de\/ayurveda\/babymassage-kinder","title":{"rendered":"Traditionelle Indische Babymassage"},"content":{"rendered":"<div class=\"wp-block-image\">\n<figure class=\"aligncenter size-large is-resized\"><img loading=\"lazy\" decoding=\"async\" width=\"800\" height=\"420\" src=\"http:\/\/www.antony-ayurveda.de\/wp-content\/uploads\/2020\/04\/B-6JJx7vbHZFnt9-2Iqg.jpg\" alt=\"\" class=\"wp-image-44\" style=\"width:974px;height:512px\" srcset=\"https:\/\/www.antony-ayurveda.de\/wp-content\/uploads\/2020\/04\/B-6JJx7vbHZFnt9-2Iqg.jpg 800w, https:\/\/www.antony-ayurveda.de\/wp-content\/uploads\/2020\/04\/B-6JJx7vbHZFnt9-2Iqg-300x158.jpg 300w, https:\/\/www.antony-ayurveda.de\/wp-content\/uploads\/2020\/04\/B-6JJx7vbHZFnt9-2Iqg-768x403.jpg 768w\" sizes=\"(max-width: 800px) 100vw, 800px\" \/><\/figure><\/div>\n\n\n<p>Die traditionelle Indische Babymassage kommt urspr\u00fcnglich aus meiner Heimat Kerala (S\u00fcdindien). Sie st\u00e4rkt die Verbindung zwischen Eltern und Kind und wird in Indien bereits ab der 4 Woche begonnen. Die Kinder f\u00fchlen sich im Bauch der Mutter warm und geborgen. Nach der Geburt geht f\u00fcr das Kind vieles verloren, das ihm zuvor Sicherheit und geliebt sein vermittelt hat z. B. gehalten und gest\u00fctzt werden durch die Bauchdecke der Mutter, Bewegung und Ger\u00e4usche, W\u00e4rme und Vieles mehr. Pl\u00f6tzlich ist f\u00fcr das Kind alles anders.<br>Besonders Kinder, die mit Kaiserschnitt geboren wurden haben kein Erlebnis, das sie langsam auf das Leben vorbereitet. Die Ver\u00e4nderung kommt f\u00fcr sie unerwartet. Diesen Kindern fehlt die Erfahrung bedingt durch die Wehen und das &#8222;Gedr\u00fcckt werden&#8220; durch den Geburtskanal. Auch nach der Geburt suchen diese S\u00e4uglinge h\u00e4ufig noch eine &#8222;Begrenzung&#8220; auf k\u00f6rperlicher Ebene.<br>Die Babymassage unterst\u00fctzt das Baby seinen eigenen K\u00f6rper und dessen Grenzen anders wahrzunehmen. \u00dcber die liebevolle Ber\u00fchrung entsteht ein tieferes Gef\u00fchl von Vertrauen und Sicherheit zu den Eltern. Und umgekehrt.<\/p>\n\n\n\n<p>Gerne bringe ich Ihnen die traditionelle indische Babymassage bei:<\/p>\n\n\n\n<ol class=\"wp-block-list\">\n<li><strong>Einzelsitzung:<\/strong> 1 x 45 Minuten \u20ac 45,00 <br>3 x 45 Minuten \u00e0 \u20ac 40,00 <\/li>\n\n\n\n<li><strong>Gutschein als Geschenk<\/strong>: Wie w\u00e4re es mit einem sch\u00f6nen Gutschein f\u00fcr jemanden den Sie zur Geburt (oder danach) beschenken m\u00f6chten? (Gerne schicke ich diesen per Post zu)<\/li>\n\n\n\n<li><strong>Gruppenkurs:<\/strong> 5 x \u00e0 45 Minuten \u20ac 85,00<\/li>\n\n\n\n<li><strong>Onlinesitzung<\/strong><\/li>\n<\/ol>\n\n\n\n<p><strong>Hebammenpraxis Saarn, D\u00fcsseldorfer Str. 13, 45481 M\u00fclheim an der Ruhr<\/strong><\/p>\n\n\n\n<p>Termine: Anf\u00e4ngerkurs, Donnerstags um 17:00 Uhr<\/p>\n\n\n\n<p>16.04-21.05.2026<\/p>\n\n\n\n<p>28.05-02.07.2026<\/p>\n\n\n\n<p>05.11-03.12.2026<\/p>\n\n\n\n<p><\/p>\n","protected":false},"excerpt":{"rendered":"<p>Die traditionelle Indische Babymassage kommt urspr\u00fcnglich aus meiner Heimat Kerala (S\u00fcdindien). Sie st\u00e4rkt die Verbindung zwischen Eltern und Kind und wird in Indien bereits ab der 4 Woche begonnen. Die Kinder f\u00fchlen sich im Bauch der Mutter warm und geborgen. Nach der Geburt geht f\u00fcr das Kind vieles verloren, das ihm zuvor Sicherheit und geliebt [&hellip;]<\/p>\n","protected":false},"author":1,"featured_media":0,"parent":0,"menu_order":0,"comment_status":"closed","ping_status":"open","template":"","meta":{"footnotes":""},"class_list":["post-2","page","type-page","status-publish","hentry","post"],"_links":{"self":[{"href":"https:\/\/www.antony-ayurveda.de\/ayurveda\/wp-json\/wp\/v2\/pages\/2"}],"collection":[{"href":"https:\/\/www.antony-ayurveda.de\/ayurveda\/wp-json\/wp\/v2\/pages"}],"about":[{"href":"https:\/\/www.antony-ayurveda.de\/ayurveda\/wp-json\/wp\/v2\/types\/page"}],"author":[{"embeddable":true,"href":"https:\/\/www.antony-ayurveda.de\/ayurveda\/wp-json\/wp\/v2\/users\/1"}],"replies":[{"embeddable":true,"href":"https:\/\/www.antony-ayurveda.de\/ayurveda\/wp-json\/wp\/v2\/comments?post=2"}],"version-history":[{"count":25,"href":"https:\/\/www.antony-ayurveda.de\/ayurveda\/wp-json\/wp\/v2\/pages\/2\/revisions"}],"predecessor-version":[{"id":293,"href":"https:\/\/www.antony-ayurveda.de\/ayurveda\/wp-json\/wp\/v2\/pages\/2\/revisions\/293"}],"wp:attachment":[{"href":"https:\/\/www.antony-ayurveda.de\/ayurveda\/wp-json\/wp\/v2\/media?parent=2"}],"curies":[{"name":"wp","href":"https:\/\/api.w.org\/{rel}","templated":true}]}}