{"id":4,"date":"2020-04-15T16:49:54","date_gmt":"2020-04-15T16:49:54","guid":{"rendered":"http:\/\/antony-ayurveda.de\/willkommen-auf-http-antony-ayurveda-de"},"modified":"2024-06-27T19:10:48","modified_gmt":"2024-06-27T19:10:48","slug":"willkommen-auf-http-antony-ayurveda-de","status":"publish","type":"page","link":"https:\/\/www.antony-ayurveda.de\/ayurveda\/","title":{"rendered":"Ayurveda"},"content":{"rendered":"\n<div class=\"wp-block-group\"><div class=\"wp-block-group__inner-container is-layout-flow wp-block-group-is-layout-flow\">\n<figure class=\"wp-block-image size-full is-resized\"><img loading=\"lazy\" decoding=\"async\" src=\"http:\/\/www.antony-ayurveda.de\/wp-content\/uploads\/2020\/04\/20170731_055051-scaled.jpg\" alt=\"\" class=\"wp-image-6\" width=\"1280\" height=\"720\" srcset=\"https:\/\/www.antony-ayurveda.de\/wp-content\/uploads\/2020\/04\/20170731_055051-scaled.jpg 2560w, https:\/\/www.antony-ayurveda.de\/wp-content\/uploads\/2020\/04\/20170731_055051-300x169.jpg 300w, https:\/\/www.antony-ayurveda.de\/wp-content\/uploads\/2020\/04\/20170731_055051-1024x576.jpg 1024w, https:\/\/www.antony-ayurveda.de\/wp-content\/uploads\/2020\/04\/20170731_055051-768x432.jpg 768w, https:\/\/www.antony-ayurveda.de\/wp-content\/uploads\/2020\/04\/20170731_055051-1536x864.jpg 1536w, https:\/\/www.antony-ayurveda.de\/wp-content\/uploads\/2020\/04\/20170731_055051-2048x1152.jpg 2048w\" sizes=\"(max-width: 1280px) 100vw, 1280px\" \/><\/figure>\n<\/div><\/div>\n\n\n\n<div class=\"wp-block-group\"><div class=\"wp-block-group__inner-container is-layout-flow wp-block-group-is-layout-flow\">\n<p class=\"has-text-align-left\">Ayurveda hei\u00dft. Wissen vom Leben.<br>Ayurveda hei\u00dft sein Leben in die Hand zu nehmen, so verstehe ich es.<br>Als examinierter Heilpraktiker helfe ich Ihnen dabei mit der traditionellen indischen Medizin meiner Heimat.<br>Dazu geh\u00f6rt eine umfangreiche Anamnese und Untersuchung, die alles auf den Pr\u00fcfstand stellt: von der Ern\u00e4hrung bis zu den Gewohnheiten.<br>Ayurveda ist f\u00fcr jeden Menschen geeignet egal in welchem Alter, egal in welchem Gesundheitszustand.<br>Vereinbaren Sie einen Termin mit mir unter:<\/p>\n<\/div><\/div>\n\n\n\n<p class=\"has-text-align-left\"><strong>info@antony-ayurveda.de oder 02054 9885133<\/strong><\/p>\n\n\n\n<p><\/p>\n\n\n\n<p><\/p>\n","protected":false},"excerpt":{"rendered":"<p>Ayurveda hei\u00dft. Wissen vom Leben.Ayurveda hei\u00dft sein Leben in die Hand zu nehmen, so verstehe ich es.Als examinierter Heilpraktiker helfe ich Ihnen dabei mit der traditionellen indischen Medizin meiner Heimat.Dazu geh\u00f6rt eine umfangreiche Anamnese und Untersuchung, die alles auf den Pr\u00fcfstand stellt: von der Ern\u00e4hrung bis zu den Gewohnheiten.Ayurveda ist f\u00fcr jeden Menschen geeignet egal [&hellip;]<\/p>\n","protected":false},"author":1,"featured_media":0,"parent":0,"menu_order":0,"comment_status":"closed","ping_status":"open","template":"","meta":{"footnotes":""},"class_list":["post-4","page","type-page","status-publish","hentry","post"],"_links":{"self":[{"href":"https:\/\/www.antony-ayurveda.de\/ayurveda\/wp-json\/wp\/v2\/pages\/4"}],"collection":[{"href":"https:\/\/www.antony-ayurveda.de\/ayurveda\/wp-json\/wp\/v2\/pages"}],"about":[{"href":"https:\/\/www.antony-ayurveda.de\/ayurveda\/wp-json\/wp\/v2\/types\/page"}],"author":[{"embeddable":true,"href":"https:\/\/www.antony-ayurveda.de\/ayurveda\/wp-json\/wp\/v2\/users\/1"}],"replies":[{"embeddable":true,"href":"https:\/\/www.antony-ayurveda.de\/ayurveda\/wp-json\/wp\/v2\/comments?post=4"}],"version-history":[{"count":25,"href":"https:\/\/www.antony-ayurveda.de\/ayurveda\/wp-json\/wp\/v2\/pages\/4\/revisions"}],"predecessor-version":[{"id":273,"href":"https:\/\/www.antony-ayurveda.de\/ayurveda\/wp-json\/wp\/v2\/pages\/4\/revisions\/273"}],"wp:attachment":[{"href":"https:\/\/www.antony-ayurveda.de\/ayurveda\/wp-json\/wp\/v2\/media?parent=4"}],"curies":[{"name":"wp","href":"https:\/\/api.w.org\/{rel}","templated":true}]}}