{"id":71,"date":"2020-04-18T10:07:33","date_gmt":"2020-04-18T10:07:33","guid":{"rendered":"http:\/\/antony-ayurveda.de\/startseite\/?page_id=71"},"modified":"2026-03-03T17:38:20","modified_gmt":"2026-03-03T17:38:20","slug":"ueber-mich","status":"publish","type":"page","link":"https:\/\/www.antony-ayurveda.de\/ayurveda\/ueber-mich","title":{"rendered":"\u00dcber mich"},"content":{"rendered":"\n<p><strong>GOD IS LOVE<\/strong><\/p>\n\n\n\n<p><strong>Darf ich mich vorstellen:<\/strong><\/p>\n\n\n\n<p>Mein Name ist Sojimon Antony, ich bin in den 80er Jahren in Chandravanom S\u00fcd Indien Kerala, \u00a0als j\u00fcngster Sohn einer Teepfl\u00fcckerfamilie geboren und in den Teeplantagen S\u00fcdindiens aufgewachsen. Das Wissen um die Heilkraft von Pflanzen, Gew\u00fcrzen und Kr\u00e4utern der uns umgebenden Natur wird in vielen Familien von Generation zu Generation weitervermittelt. So auch bei uns. Ich hatte dazu das gro\u00dfe Gl\u00fcck, viel Zeit bei meinen Gro\u00dfeltern zu verbringen, da meine Eltern unseren kargen Lebensunterhalt mit der Arbeit auf den Plantagen verdienen mussten.<\/p>\n\n\n\n<p>Mit der ayurvedischen Lebensweise bin ich aufgewachsen und sehr vertraut mit:<\/p>\n\n\n\n<ul class=\"wp-block-list\">\n<li>der Anwendung von allt\u00e4glichen, nat\u00fcrlichen, ayurvedischen Ritualen<\/li>\n\n\n\n<li>der Bedeutung von Ayurveda, Meditation und Yoga f\u00fcr K\u00f6rper, Geist und Seele<\/li>\n\n\n\n<li>der Bedeutung von ayurvedischer Ern\u00e4hrung.<\/li>\n<\/ul>\n\n\n\n<p>Die einzige Chance, dieser schweren Teepfl\u00fcckerarbeit zu entrinnen, ist eine gute Bildung. Meine Eltern haben alles daf\u00fcr getan, damit ich das Abitur bestand und anschlie\u00dfend eine Ausbildung zum Hotelfachmann beginnen konnte. <\/p>\n\n\n\n<p>F\u00fcr die Ausbildung im Jahr 2003 verlie\u00df ich schweren Herzens meine Heimat inmitten der wundersch\u00f6nen Landschaft und ging nach Kochin\/Kerala. In ayurvedischen Hotels vertiefte ich meine Erfahrungen, konnte Geld verdienen und mir mein Studium Bachelor auf Tourisam (BTS) bezahlen. <\/p>\n\n\n\n<p>Im Jahr 2013 bin ich nach Deutschland ausgewandert und lebe seitdem in Essen-Kettwig. Die indische &#8211; ayurvedische Medizin hat mich nach Deutschland begleitet. Meine heilpraktische Ausbildung und Traditionell Indischer Medizin (TIM, Uni Essen und Huyssenstift, Essen) komplettiert meine Kompetenz als Mittler zwischen der europ\u00e4ischen und indischen Naturheilkunde.<\/p>\n\n\n\n<p><strong>Und jetzt bin ich f\u00fcr Sie da!<\/strong><\/p>\n\n\n\n<p><\/p>\n\n\n\n<figure class=\"wp-block-image size-medium\"><img loading=\"lazy\" decoding=\"async\" width=\"300\" height=\"200\" src=\"http:\/\/www.antony-ayurveda.de\/wp-content\/uploads\/2020\/04\/Soji-Kontakt-300x200.jpg\" alt=\"\" class=\"wp-image-142\" srcset=\"https:\/\/www.antony-ayurveda.de\/wp-content\/uploads\/2020\/04\/Soji-Kontakt-300x200.jpg 300w, https:\/\/www.antony-ayurveda.de\/wp-content\/uploads\/2020\/04\/Soji-Kontakt-1024x683.jpg 1024w, https:\/\/www.antony-ayurveda.de\/wp-content\/uploads\/2020\/04\/Soji-Kontakt-768x512.jpg 768w, https:\/\/www.antony-ayurveda.de\/wp-content\/uploads\/2020\/04\/Soji-Kontakt-1536x1024.jpg 1536w, https:\/\/www.antony-ayurveda.de\/wp-content\/uploads\/2020\/04\/Soji-Kontakt-2048x1365.jpg 2048w, https:\/\/www.antony-ayurveda.de\/wp-content\/uploads\/2020\/04\/Soji-Kontakt-272x182.jpg 272w\" sizes=\"(max-width: 300px) 100vw, 300px\" \/><\/figure>\n\n\n\n<p><strong>Zu meinem Werdegang<\/strong><\/p>\n\n\n\n<ul class=\"wp-block-list\">\n<li>2024: Erzieher in der Waldgruppe, Waldorfkindergarten Rafael e.V., Ratingen<\/li>\n\n\n\n<li>2021\/2024 Ausbildung PIA zum staatlich anerkannten Erzieher, Waldorfkindergarten Rafael e.V., Ratingen<\/li>\n\n\n\n<li>Fortbildung \u201eNatur im Blick\u201c<\/li>\n\n\n\n<li>Abschluss in TIM Traditionell indischer Medizin, Uni Essen und Huyssenstift, Essen<\/li>\n\n\n\n<li>2019 \/ 2020: Weiterbildung: L\u00f6sungsfokussiertes Coaching bei Bergfelder Coaching<\/li>\n\n\n\n<li>2019: Fortbildung: Kursleitung Babymassage, Top Physio K\u00f6ln<\/li>\n\n\n\n<li>2018: Staatliche Anerkennung zum Heilpraktiker<\/li>\n\n\n\n<li>2015-2020 Vollzeitbesch\u00e4ftigung bei Imhoff GmbH<\/li>\n\n\n\n<li>2014- 2015 Elternzeit mit Zwillingen<\/li>\n\n\n\n<li>2014 IRCA, HACCP , Essen<\/li>\n\n\n\n<li>2012 Abschluss BHC of Tourism Studies, Indien<\/li>\n\n\n\n<li>2004- 2012 Ausbildung und T\u00e4tigkeit in verschiedenen ayurvedischen Hotels in Kerala, Indien<\/li>\n\n\n\n<li>2004 Abschluss als Hotelfachmann in Indien<\/li>\n<\/ul>\n","protected":false},"excerpt":{"rendered":"<p>GOD IS LOVE Darf ich mich vorstellen: Mein Name ist Sojimon Antony, ich bin in den 80er Jahren in Chandravanom S\u00fcd Indien Kerala, \u00a0als j\u00fcngster Sohn einer Teepfl\u00fcckerfamilie geboren und in den Teeplantagen S\u00fcdindiens aufgewachsen. Das Wissen um die Heilkraft von Pflanzen, Gew\u00fcrzen und Kr\u00e4utern der uns umgebenden Natur wird in vielen Familien von Generation [&hellip;]<\/p>\n","protected":false},"author":1,"featured_media":0,"parent":0,"menu_order":0,"comment_status":"closed","ping_status":"closed","template":"","meta":{"footnotes":""},"class_list":["post-71","page","type-page","status-publish","hentry","post"],"_links":{"self":[{"href":"https:\/\/www.antony-ayurveda.de\/ayurveda\/wp-json\/wp\/v2\/pages\/71"}],"collection":[{"href":"https:\/\/www.antony-ayurveda.de\/ayurveda\/wp-json\/wp\/v2\/pages"}],"about":[{"href":"https:\/\/www.antony-ayurveda.de\/ayurveda\/wp-json\/wp\/v2\/types\/page"}],"author":[{"embeddable":true,"href":"https:\/\/www.antony-ayurveda.de\/ayurveda\/wp-json\/wp\/v2\/users\/1"}],"replies":[{"embeddable":true,"href":"https:\/\/www.antony-ayurveda.de\/ayurveda\/wp-json\/wp\/v2\/comments?post=71"}],"version-history":[{"count":18,"href":"https:\/\/www.antony-ayurveda.de\/ayurveda\/wp-json\/wp\/v2\/pages\/71\/revisions"}],"predecessor-version":[{"id":299,"href":"https:\/\/www.antony-ayurveda.de\/ayurveda\/wp-json\/wp\/v2\/pages\/71\/revisions\/299"}],"wp:attachment":[{"href":"https:\/\/www.antony-ayurveda.de\/ayurveda\/wp-json\/wp\/v2\/media?parent=71"}],"curies":[{"name":"wp","href":"https:\/\/api.w.org\/{rel}","templated":true}]}}